{"id":1187,"date":"2024-07-13T13:24:06","date_gmt":"2024-07-13T13:24:06","guid":{"rendered":"https:\/\/simmedia.eu\/?page_id=1187"},"modified":"2025-01-02T18:29:13","modified_gmt":"2025-01-02T18:29:13","slug":"jrobic-video","status":"publish","type":"page","link":"https:\/\/simmedia.eu\/?page_id=1187","title":{"rendered":"JROBIC video"},"content":{"rendered":"\n<div class=\"wp-block-uagb-advanced-heading uagb-block-50ccfd62\"><h3 class=\"uagb-heading-text\">ENJOY INDOOR CYCLING ON ANY GYM BIKE &amp; SMART OR EVEN NON-SMART TRAINERS!<\/h3><\/div>\n\n\n\n<div class=\"wp-block-group alignwide has-global-padding is-layout-constrained wp-container-core-group-is-layout-567d9b88 wp-block-group-is-layout-constrained\">\n<div class=\"wp-block-group alignwide has-global-padding is-layout-constrained wp-container-core-group-is-layout-9808d581 wp-block-group-is-layout-constrained\">\n<div class=\"wp-block-columns is-layout-flex wp-container-core-columns-is-layout-28f84493 wp-block-columns-is-layout-flex\">\n<div class=\"wp-block-column is-vertically-aligned-bottom is-layout-flow wp-block-column-is-layout-flow\">\n<p class=\"has-text-align-right\"><strong><em>JURE ROBI\u010c \u2013 RAAM2008<\/em><\/strong><\/p>\n\n\n\n<blockquote class=\"wp-block-quote is-layout-flow wp-block-quote-is-layout-flow\">\n<p><em>\u201cThe Race Across America (RAAM) was won by Robi\u010d 5 times (then a record in the men\u2019s solo category): in 2004, 2005, 2007, 2008, 2010.\u201d<br>Robi\u010d was the recipient of the Sportsman of the Year, Slovenian of the year for special achievements, and awards for fair play and tolerance in sport. From 1988 to 1994, Robi\u010d was a member of the Slovenian National Cycling Team. During that time, he was also a Slovenian national road champion. In his career he won more than 100 races and was on the podium at least 150 times. He was also a winner of Maraton Franja, Juri\u0161 na Vr\u0161i\u010d..<\/em><\/p>\n<\/blockquote>\n<\/div>\n\n\n\n<div class=\"wp-block-column is-layout-flow wp-block-column-is-layout-flow\">\n<figure class=\"wp-block-image size-large\"><img loading=\"lazy\" decoding=\"async\" width=\"1024\" height=\"1024\" src=\"https:\/\/simmedia.eu\/wp-content\/uploads\/2024\/07\/new_app_in_town2-1024x1024.jpg\" alt=\"\" class=\"wp-image-1232\" style=\"aspect-ratio:1;object-fit:cover\" srcset=\"https:\/\/simmedia.eu\/wp-content\/uploads\/2024\/07\/new_app_in_town2-1024x1024.jpg 1024w, https:\/\/simmedia.eu\/wp-content\/uploads\/2024\/07\/new_app_in_town2-300x300.jpg 300w, https:\/\/simmedia.eu\/wp-content\/uploads\/2024\/07\/new_app_in_town2-150x150.jpg 150w, https:\/\/simmedia.eu\/wp-content\/uploads\/2024\/07\/new_app_in_town2-768x768.jpg 768w, https:\/\/simmedia.eu\/wp-content\/uploads\/2024\/07\/new_app_in_town2-50x50.jpg 50w, https:\/\/simmedia.eu\/wp-content\/uploads\/2024\/07\/new_app_in_town2-200x200.jpg 200w, https:\/\/simmedia.eu\/wp-content\/uploads\/2024\/07\/new_app_in_town2.jpg 1414w\" sizes=\"auto, (max-width: 1024px) 100vw, 1024px\" \/><\/figure>\n<\/div>\n<\/div>\n<\/div>\n<\/div>\n\n\n\n<p class=\"has-small-font-size\">On 19 September 2004, Robi\u010d broke the world 24-hour road record by cycling 834.77 km (518.70 mi) non-stop. In 2005, he won Le Tour Direct, (7d 19h 40m) a 4,023 km (2,500 mi) race on a course derived from classic Tour de France routes. Robi\u010d won the DOS-Ras Race Across Slovenia four times, the Tour Direct twice, and the Tortour in 2010.<\/p>\n\n\n\n<p class=\"has-small-font-size\">Robi\u010d was renowned for pushing himself to extreme mental breakdown during endurance races. He was laboratory-tested, and his abilities to produce power and to transport oxygen were found matching those of other top ultra-endurance champions worldwide. During the 2004 Race Across America, it was reported that he only slept for a total of eight hours during his eight-day, 2,958.5-mile (4,761.2 km) ride across the United States.<\/p>\n\n\n\n<hr class=\"wp-block-separator has-alpha-channel-opacity is-style-wide\"\/>\n\n\n\n<figure class=\"wp-block-image size-large\"><img loading=\"lazy\" decoding=\"async\" width=\"1024\" height=\"576\" src=\"https:\/\/simmedia.eu\/wp-content\/uploads\/2025\/01\/jrobic2-1024x576.jpg\" alt=\"\" class=\"wp-image-1482\" srcset=\"https:\/\/simmedia.eu\/wp-content\/uploads\/2025\/01\/jrobic2-1024x576.jpg 1024w, https:\/\/simmedia.eu\/wp-content\/uploads\/2025\/01\/jrobic2-300x169.jpg 300w, https:\/\/simmedia.eu\/wp-content\/uploads\/2025\/01\/jrobic2-768x432.jpg 768w, https:\/\/simmedia.eu\/wp-content\/uploads\/2025\/01\/jrobic2-50x28.jpg 50w, https:\/\/simmedia.eu\/wp-content\/uploads\/2025\/01\/jrobic2-1600x900.jpg 1600w, https:\/\/simmedia.eu\/wp-content\/uploads\/2025\/01\/jrobic2-1536x864.jpg 1536w, https:\/\/simmedia.eu\/wp-content\/uploads\/2025\/01\/jrobic2-200x113.jpg 200w, https:\/\/simmedia.eu\/wp-content\/uploads\/2025\/01\/jrobic2.jpg 1920w\" sizes=\"auto, (max-width: 1024px) 100vw, 1024px\" \/><\/figure>\n\n\n\n<div class=\"wp-block-uagb-advanced-heading uagb-block-074e52b2\"><h3 class=\"uagb-heading-text\"><a href=\"https:\/\/powermeter.si\/kategorija-izdelka\/jrobic-video\/\" target=\"_blank\" rel=\"noreferrer noopener\"><strong>Welcome to JROBIC VIDEO platform<\/strong><\/a><br>Get ready we have something coming that is going to blow you away. Below is a sneak peek of what we offer.<\/h3><\/div>\n\n\n\n<p class=\"has-text-align-center\"><a href=\"https:\/\/matic031.github.io\/jrobic-webgl\/\" target=\"_blank\" rel=\"noreferrer noopener\">DEMO<\/a><br><a href=\"https:\/\/powermeter.si\/izdelek\/jrobic_vol1\/\" target=\"_blank\" rel=\"noreferrer noopener\">SHOP<\/a><br><a href=\"https:\/\/goldsprint.games\/\" target=\"_blank\" rel=\"noreferrer noopener\">EVENTS<\/a><br><a href=\"https:\/\/www.youtube.com\/user\/JrobicTouring\/featured\" target=\"_blank\" rel=\"noreferrer noopener\">YOUTUBE<\/a><br><a href=\"https:\/\/www.facebook.com\/jrobic\" target=\"_blank\" rel=\"noreferrer noopener\">FACEBOOK<\/a><br><a href=\"https:\/\/videos.kinomap.com\/en\/watch\/h8b48w\" target=\"_blank\" rel=\"noreferrer noopener\">KINOMAP<\/a><\/p>\n\n\n\n<p><\/p>\n","protected":false},"excerpt":{"rendered":"<p>ENJOY INDOOR CYCLING ON ANY GYM BIKE &amp; SMART OR EVEN NON-SMART TRAINERS! JURE ROBI\u010c \u2013 RAAM2008 \u201cThe Race Across America (RAAM) was won by Robi\u010d 5 times (then a record in the men\u2019s solo category): in 2004, 2005, 2007, 2008, 2010.\u201dRobi\u010d was the recipient of the Sportsman of the Year, Slovenian of the year [&hellip;]<\/p>\n","protected":false},"author":2,"featured_media":0,"parent":0,"menu_order":0,"comment_status":"closed","ping_status":"closed","template":"","meta":{"_uag_custom_page_level_css":"","_swt_meta_header_display":false,"_swt_meta_footer_display":false,"_swt_meta_site_title_display":false,"_swt_meta_sticky_header":false,"_swt_meta_transparent_header":false,"footnotes":""},"class_list":["post-1187","page","type-page","status-publish","hentry"],"uagb_featured_image_src":{"full":false,"thumbnail":false,"medium":false,"medium_large":false,"large":false,"gs-tiny":false,"xl":false,"xxl":false,"xxxl":false,"xxxxl":false,"xxxxxl":false,"1536x1536":false,"2048x2048":false,"depicter-thumbnail":false},"uagb_author_info":{"display_name":"Primoz Zorko","author_link":"https:\/\/simmedia.eu\/?author=2"},"uagb_comment_info":0,"uagb_excerpt":"ENJOY INDOOR CYCLING ON ANY GYM BIKE &amp; SMART OR EVEN NON-SMART TRAINERS! JURE ROBI\u010c \u2013 RAAM2008 \u201cThe Race Across America (RAAM) was won by Robi\u010d 5 times (then a record in the men\u2019s solo category): in 2004, 2005, 2007, 2008, 2010.\u201dRobi\u010d was the recipient of the Sportsman of the Year, Slovenian of the year&hellip;","_links":{"self":[{"href":"https:\/\/simmedia.eu\/index.php?rest_route=\/wp\/v2\/pages\/1187","targetHints":{"allow":["GET"]}}],"collection":[{"href":"https:\/\/simmedia.eu\/index.php?rest_route=\/wp\/v2\/pages"}],"about":[{"href":"https:\/\/simmedia.eu\/index.php?rest_route=\/wp\/v2\/types\/page"}],"author":[{"embeddable":true,"href":"https:\/\/simmedia.eu\/index.php?rest_route=\/wp\/v2\/users\/2"}],"replies":[{"embeddable":true,"href":"https:\/\/simmedia.eu\/index.php?rest_route=%2Fwp%2Fv2%2Fcomments&post=1187"}],"version-history":[{"count":36,"href":"https:\/\/simmedia.eu\/index.php?rest_route=\/wp\/v2\/pages\/1187\/revisions"}],"predecessor-version":[{"id":1485,"href":"https:\/\/simmedia.eu\/index.php?rest_route=\/wp\/v2\/pages\/1187\/revisions\/1485"}],"wp:attachment":[{"href":"https:\/\/simmedia.eu\/index.php?rest_route=%2Fwp%2Fv2%2Fmedia&parent=1187"}],"curies":[{"name":"wp","href":"https:\/\/api.w.org\/{rel}","templated":true}]}}